{"id":3171,"date":"2018-10-03T12:05:56","date_gmt":"2018-10-03T12:05:56","guid":{"rendered":"https:\/\/muhutikand.ee\/minu-konto-2\/"},"modified":"2025-03-01T18:29:42","modified_gmt":"2025-03-01T18:29:42","slug":"minu-konto-2","status":"publish","type":"page","link":"https:\/\/muhutikand.ee\/en\/minu-konto-2\/","title":{"rendered":"My account"},"content":{"rendered":"<h2 class=\"wp-block-heading has-text-align-center has-border-color\" style=\"border-color:#ffffff00;border-width:47px\">When you log in or register, you will be directed back to this page, then click the &quot;End Subscription&quot; button.<\/h2>\n\n\n\n<div class=\"wp-block-buttons is-content-justification-center is-layout-flex wp-container-core-buttons-is-layout-a89b3969 wp-block-buttons-is-layout-flex\">\n<div class=\"wp-block-button has-custom-width wp-block-button__width-50 primary-btn\"><a class=\"wp-block-button__link wp-element-button\" href=\"\/en\/kassa\/\">Cancel order<\/a><\/div>\n<\/div>\n\n\n<div class=\"woocommerce\"><\/div>","protected":false},"excerpt":{"rendered":"<p>When you log in or register, you will be directed back to this page, then click the &quot;End Subscription&quot; button.<\/p>","protected":false},"author":1,"featured_media":0,"parent":0,"menu_order":0,"comment_status":"closed","ping_status":"closed","template":"simple-page-template.php","meta":{"_uag_custom_page_level_css":"","ngg_post_thumbnail":0,"footnotes":""},"class_list":["post-3171","page","type-page","status-publish","hentry"],"uagb_featured_image_src":{"full":false,"thumbnail":false,"medium":false,"medium_large":false,"large":false,"1536x1536":false,"2048x2048":false,"trp-custom-language-flag":false,"woocommerce_thumbnail":false,"woocommerce_single":false,"woocommerce_gallery_thumbnail":false},"uagb_author_info":{"display_name":"admin","author_link":"https:\/\/muhutikand.ee\/en\/author\/admin\/"},"uagb_comment_info":0,"uagb_excerpt":"Sisse logimisel v\u00f5i registreerimisel juhatatakse sind siia lehele tagasi, seej\u00e4rel kliki nupul &#8220;L\u00f5peta tellimus&#8221;.","_links":{"self":[{"href":"https:\/\/muhutikand.ee\/en\/wp-json\/wp\/v2\/pages\/3171","targetHints":{"allow":["GET"]}}],"collection":[{"href":"https:\/\/muhutikand.ee\/en\/wp-json\/wp\/v2\/pages"}],"about":[{"href":"https:\/\/muhutikand.ee\/en\/wp-json\/wp\/v2\/types\/page"}],"author":[{"embeddable":true,"href":"https:\/\/muhutikand.ee\/en\/wp-json\/wp\/v2\/users\/1"}],"replies":[{"embeddable":true,"href":"https:\/\/muhutikand.ee\/en\/wp-json\/wp\/v2\/comments?post=3171"}],"version-history":[{"count":0,"href":"https:\/\/muhutikand.ee\/en\/wp-json\/wp\/v2\/pages\/3171\/revisions"}],"wp:attachment":[{"href":"https:\/\/muhutikand.ee\/en\/wp-json\/wp\/v2\/media?parent=3171"}],"curies":[{"name":"wp","href":"https:\/\/api.w.org\/{rel}","templated":true}]}}