{"id":4417,"date":"2025-02-17T20:39:23","date_gmt":"2025-02-17T20:39:23","guid":{"rendered":"https:\/\/muhutikand.ee\/member-login-3\/"},"modified":"2025-02-28T17:14:32","modified_gmt":"2025-02-28T17:14:32","slug":"logi-sisse","status":"publish","type":"page","link":"https:\/\/muhutikand.ee\/en\/logi-sisse\/","title":{"rendered":"Log in"},"content":{"rendered":"<!-- Login Form - Start -->\n  <div class=\"ihc-login-form-wrap ihc-login-template-11\">\n      <form method=\"post\" id=\"ihc_login_form\" action=\"\">\n          <input type=\"hidden\" name=\"ihcaction\" value=\"login\" \/>\n          <input type=\"hidden\" name=\"ihc_login_nonce\" value=\"65c9c9622a\" \/>\n\n          \n                    <!-- Username field -->\n          <div class=\"impu-form-line-fr\">\n              <i class=\"fa-ihc fa-username-ihc\"><\/i>\n              <input type=\"text\" value=\"\" name=\"log\" id=\"iump_login_username\" placeholder=\"Username\"\/>\n          <\/div>\n          <!-- End of username field -->\n          \n                    <!-- Password field -->\n          <div class=\"impu-form-line-fr\">\n              <i class=\"fa-ihc fa-pass-ihc\"><\/i>\n              <input type=\"password\" value=\"\" name=\"pwd\" id=\"iump_login_password\" placeholder=\"Password\"\/>\n              <span  class=\"ihc-hide-login-pw hide-if-no-js\" data-toggle=\"0\" aria-label=\"Show password\">\n              <span class=\"dashicons dashicons-visibility\" aria-hidden=\"true\"><\/span>\n                <\/span>\n          <\/div>\n          <!-- End of Password field -->\n          \n          \n          <!-- Remember me checkbox -->\n                    <div class=\"impu-remember-wrapper\">\n              <input type=\"checkbox\" value=\"forever\" name=\"rememberme\" class=\"impu-form-input-remember\" \/>\n              <span class=\"impu-form-label-remember\">Remember Me<\/span>\n          <\/div>\n                    <!-- End of remember me --->\n\n          <!-- Additional links -->\n                        <div class=\"impu-form-links-pass\"><a href=\"https:\/\/muhutikand.ee\/en\/ununenud-parool\/\">Lost your password?<\/a><\/div>\n                    <!-- End of Aditional links -->\n\n          <div class=\"ihc-clear\"><\/div>\n\n          <!-- captcha -->\n                                    <div class=\"js-ump-recaptcha-v3-item\"><\/div>\n    <span class=\"ihc-js-recaptcha-v3-key\" data-value=\"6Ldb6YwrAAAAAFyGOc-eXmctZxzUGIMtExl4ucjH\"><\/span>\n                    <!-- end of captcha -->\n\n          <!-- Submit bttn -->\n                        <div class=\"impu-form-line-fr impu-form-submit\">\n                  <input type=\"submit\" value=\"Log In\" name=\"Submit\"  class=\"button button-primary button-large\"\/>\n              <\/div>\n                    <!-- End of Submit bttn -->\n\n          <!-- Social -->\n                    <!-- End of Social -->\n\n          <!-- Additional links -->\n                        <div class=\"impu-form-links\">\n                <div class=\"impu-form-links-reg\">Don&#039;t have an account? <a href=\"https:\/\/muhutikand.ee\/en\/registreerima\/\">Register<\/a><\/div>\n              <\/div>\n                        <!-- End of Aditional links -->\n\n      <input type=\"hidden\" name=\"trp-form-language\" value=\"en\"\/><\/form>\n  <\/div>\n\n  \n  <span class='ihc-js-login-data'\tdata-user_field='#iump_login_username' data-password_field='#iump_login_password' data-error_message='Palun t\u00e4itke k\u00f5ik kohustuslikud v\u00e4ljad.' ><\/span>\n  <!-- End of Login Form -->","protected":false},"excerpt":{"rendered":"","protected":false},"author":1036,"featured_media":0,"parent":0,"menu_order":0,"comment_status":"closed","ping_status":"closed","template":"simple-page-template.php","meta":{"_uag_custom_page_level_css":"","ngg_post_thumbnail":0,"footnotes":""},"class_list":["post-4417","page","type-page","status-publish","hentry"],"uagb_featured_image_src":{"full":false,"thumbnail":false,"medium":false,"medium_large":false,"large":false,"1536x1536":false,"2048x2048":false,"trp-custom-language-flag":false,"woocommerce_thumbnail":false,"woocommerce_single":false,"woocommerce_gallery_thumbnail":false},"uagb_author_info":{"display_name":"Rauno Lopp","author_link":"https:\/\/muhutikand.ee\/en\/author\/ekursusit\/"},"uagb_comment_info":0,"uagb_excerpt":null,"_links":{"self":[{"href":"https:\/\/muhutikand.ee\/en\/wp-json\/wp\/v2\/pages\/4417","targetHints":{"allow":["GET"]}}],"collection":[{"href":"https:\/\/muhutikand.ee\/en\/wp-json\/wp\/v2\/pages"}],"about":[{"href":"https:\/\/muhutikand.ee\/en\/wp-json\/wp\/v2\/types\/page"}],"author":[{"embeddable":true,"href":"https:\/\/muhutikand.ee\/en\/wp-json\/wp\/v2\/users\/1036"}],"replies":[{"embeddable":true,"href":"https:\/\/muhutikand.ee\/en\/wp-json\/wp\/v2\/comments?post=4417"}],"version-history":[{"count":0,"href":"https:\/\/muhutikand.ee\/en\/wp-json\/wp\/v2\/pages\/4417\/revisions"}],"wp:attachment":[{"href":"https:\/\/muhutikand.ee\/en\/wp-json\/wp\/v2\/media?parent=4417"}],"curies":[{"name":"wp","href":"https:\/\/api.w.org\/{rel}","templated":true}]}}