{"id":4776,"date":"2009-08-24T12:22:28","date_gmt":"2009-08-24T09:22:28","guid":{"rendered":"https:\/\/muhulisa.raunolahendused.ee\/?page_id=250"},"modified":"2025-02-28T15:01:21","modified_gmt":"2025-02-28T15:01:21","slug":"korras-2","status":"publish","type":"page","link":"https:\/\/muhutikand.ee\/en\/korras-2\/","title":{"rendered":"Order 2"},"content":{"rendered":"<div class=\"Section1\">\n<p class=\"MsoNormal\" style=\"mso-margin-top-alt: auto; mso-margin-bottom-alt: auto; line-height: normal; mso-outline-level: 2;\"><strong><span style=\"font-size: 12.0pt;\"><span style=\"color: #e36c0a; mso-themecolor: accent6; mso-themeshade: 191; text-decoration: none; text-underline: none;\">Okay!<\/span><\/span><\/strong><\/p>\n<p class=\"MsoNormal\" style=\"mso-margin-top-alt: auto; mso-margin-bottom-alt: auto; line-height: normal;\">&quot;10 free Muhu patterns&quot; are now on their way to you.<\/p>\n<p class=\"MsoNormal\" style=\"mso-margin-top-alt: auto; mso-margin-bottom-alt: auto; line-height: normal;\">An email with the e-book should arrive in your inbox soon. Check your inbox and see if everything is in order.<\/p>\n<p class=\"MsoNormal\" style=\"mso-margin-top-alt: auto; mso-margin-bottom-alt: auto; line-height: normal;\">If for some reason the e-book did not arrive, please write <a href=\"mailto:kasutajatugi@muhutikand.ee\">muhutikand@muhutikand.ee<\/a><\/p>\n<p class=\"MsoNormal\" style=\"mso-margin-top-alt: auto; mso-margin-bottom-alt: auto; line-height: normal;\"><strong>Do you know anyone else who might be interested in Muhu patterns? Help your friends and let them know about this mini version too.<\/strong><\/p>\n<form action=\"https:\/\/muhutikand.ee\/en\/korras_sob.php\/\" method=\"post\" name=\"msgform_sob\" data-trp-original-action=\"https:\/\/muhutikand.ee\/korras_sob.php\">\n<table class=\"MsoNormalTable\" style=\"mso-cellspacing: 2pt; mso-yfti-tbllook: 1184; mso-padding-alt: 2pt 2pt 2pt 2pt;\" border=\"0\" cellspacing=\"5\" cellpadding=\"0\">\n<tbody>\n<tr>\n<td><\/td>\n<\/tr>\n<tr style=\"mso-yfti-irow: 0; mso-yfti-firstrow: yes;\">\n<td style=\"padding: 2pt 2pt 2pt 2pt;\">\n<p class=\"MsoNormal\" style=\"margin-bottom: .0000pt; line-height: normal;\"><span style=\"font-size: 12px; font-family: Verdana, 'Trebuchet ms', helvetica, sans-serif;\">Friend&#039;s name: <\/span><\/p>\n<p class=\"MsoNormal\"><input maxlength=\"40\" name=\"eesnimi1\" size=\"25\" type=\"text\" \/><\/p>\n<\/td>\n<td style=\"padding: 2pt 2pt 2pt 2pt;\">\n<p class=\"MsoNormal\" style=\"margin-bottom: .0000pt; line-height: normal;\"><span style=\"font-size: 12px; font-family: Verdana, 'Trebuchet ms', helvetica, sans-serif;\">Email: <\/span><\/p>\n<p class=\"MsoNormal\"><input maxlength=\"40\" name=\"email1\" size=\"25\" type=\"text\" \/><\/p>\n<\/td>\n<\/tr>\n<tr style=\"mso-yfti-irow: 1;\">\n<td style=\"padding: 2pt 2pt 2pt 2pt;\">\n<p class=\"MsoNormal\" style=\"margin-bottom: .0000pt; line-height: normal;\"><span style=\"font-size: 12px; font-family: Verdana, 'Trebuchet ms', helvetica, sans-serif;\">Friend&#039;s name: <\/span><\/p>\n<p class=\"MsoNormal\"><input maxlength=\"40\" name=\"eesnimi2\" size=\"25\" type=\"text\" \/><\/p>\n<\/td>\n<td style=\"padding: 2pt 2pt 2pt 2pt;\">\n<p class=\"MsoNormal\" style=\"margin-bottom: .0000pt; line-height: normal;\"><span style=\"font-size: 12px; font-family: Verdana, 'Trebuchet ms', helvetica, sans-serif;\">Email: <\/span><\/p>\n<p class=\"MsoNormal\"><input maxlength=\"40\" name=\"email2\" size=\"25\" type=\"text\" \/><\/p>\n<\/td>\n<\/tr>\n<tr style=\"mso-yfti-irow: 2; mso-yfti-lastrow: yes;\">\n<td style=\"padding: 2pt 2pt 2pt 2pt;\" colspan=\"2\">\n<p class=\"MsoNormal\" style=\"margin-bottom: .0000pt; text-align: center; line-height: normal;\" align=\"center\"><input class=\"nupp\" type=\"button\" value=\"TELL A FRIEND\" \/><\/p>\n<\/td>\n<\/tr>\n<\/tbody>\n<\/table>\n<p><input id=\"eesnimi_s2\" name=\"eesnimi_s2\" type=\"hidden\" \/><\/p>\n<input type=\"hidden\" name=\"trp-form-language\" value=\"en\"\/><\/form>\n<\/div>","protected":false},"excerpt":{"rendered":"<p>Korras! \u201e10 tasuta Muhu mustrit\u201c on n\u00fc\u00fcd sinu poole teel. Kohe peaks saabuma sinu postkasti e-kiri koos e-raamatuga. Kontrolli oma postkasti ja vaata, kas k\u00f5ik on korras. Kui mingil p\u00f5hjusel e-raamat ei saabunud, siis kirjuta kasutajatugi@muhutikand.ee Kas tunned veel kedagi, kes v\u00f5iks olla huvitatud Muhu mustritest? Aita oma s\u00f5pru ja teavita ka neid sellest miniversioonist. [&hellip;]<\/p>\n","protected":false},"author":1036,"featured_media":0,"parent":0,"menu_order":0,"comment_status":"open","ping_status":"closed","template":"simple-page-template.php","meta":{"_uag_custom_page_level_css":"","ngg_post_thumbnail":0,"footnotes":""},"class_list":["post-4776","page","type-page","status-publish","hentry"],"uagb_featured_image_src":{"full":false,"thumbnail":false,"medium":false,"medium_large":false,"large":false,"1536x1536":false,"2048x2048":false,"trp-custom-language-flag":false,"woocommerce_thumbnail":false,"woocommerce_single":false,"woocommerce_gallery_thumbnail":false},"uagb_author_info":{"display_name":"Rauno Lopp","author_link":"https:\/\/muhutikand.ee\/en\/author\/ekursusit\/"},"uagb_comment_info":25,"uagb_excerpt":"Korras! \u201e10 tasuta Muhu mustrit\u201c on n\u00fc\u00fcd sinu poole teel. Kohe peaks saabuma sinu postkasti e-kiri koos e-raamatuga. Kontrolli oma postkasti ja vaata, kas k\u00f5ik on korras. Kui mingil p\u00f5hjusel e-raamat ei saabunud, siis kirjuta kasutajatugi@muhutikand.ee Kas tunned veel kedagi, kes v\u00f5iks olla huvitatud Muhu mustritest? Aita oma s\u00f5pru ja teavita ka neid sellest miniversioonist.&hellip;","_links":{"self":[{"href":"https:\/\/muhutikand.ee\/en\/wp-json\/wp\/v2\/pages\/4776","targetHints":{"allow":["GET"]}}],"collection":[{"href":"https:\/\/muhutikand.ee\/en\/wp-json\/wp\/v2\/pages"}],"about":[{"href":"https:\/\/muhutikand.ee\/en\/wp-json\/wp\/v2\/types\/page"}],"author":[{"embeddable":true,"href":"https:\/\/muhutikand.ee\/en\/wp-json\/wp\/v2\/users\/1036"}],"replies":[{"embeddable":true,"href":"https:\/\/muhutikand.ee\/en\/wp-json\/wp\/v2\/comments?post=4776"}],"version-history":[{"count":0,"href":"https:\/\/muhutikand.ee\/en\/wp-json\/wp\/v2\/pages\/4776\/revisions"}],"wp:attachment":[{"href":"https:\/\/muhutikand.ee\/en\/wp-json\/wp\/v2\/media?parent=4776"}],"curies":[{"name":"wp","href":"https:\/\/api.w.org\/{rel}","templated":true}]}}