{"id":4786,"date":"2009-12-01T21:50:11","date_gmt":"2009-12-01T19:50:11","guid":{"rendered":"https:\/\/muhulisa.raunolahendused.ee\/?page_id=991"},"modified":"2025-03-12T16:21:42","modified_gmt":"2025-03-12T16:21:42","slug":"kontakt","status":"publish","type":"page","link":"https:\/\/muhutikand.ee\/en\/kontakt\/","title":{"rendered":"Contact"},"content":{"rendered":"<p>If you would like to contact us, the best way to do so is by emailing us at <a href=\"mailto:muhutikand@muhutikand.ee\">muhutikand@muhutikand.ee<\/a> If you would like to ask personally, please make your selection here:<\/p>\n\n\n\n<figure class=\"wp-block-table\"><table class=\"has-fixed-layout\"><tbody><tr><td colspan=\"3\">&nbsp;<\/td><\/tr><tr><td><strong>Inna Ligi<\/strong><br>Creativity, crafting,<br>handicrafts and embroidery<br><span style=\"color: #ff6600;\">inna@muhutikand.ee<\/span><\/td><td><strong>Liina Ligi<\/strong><br>Creativity, ideas,<br>crafts and making<br><span style=\"color: #ff6600;\">liina@muhutikand.ee<\/span><\/td><td><strong>Eilika Ligi<\/strong><br>Technical support,<br>programming<br><span style=\"color: #ff6600;\">eilika@muhutikand.ee<\/span><\/td><\/tr><tr><td colspan=\"3\">&nbsp;<\/td><\/tr><tr><td><strong>Toomas Ligi<\/strong><br>Digitalization, design,<br>advertising and marketing<br><span style=\"color: #ff6600;\">toomas@muhutikand.ee<\/span><\/td><td><strong>Timo Ligi<\/strong><br>Photography, ideas and analysis,<br>web testing<br><span style=\"color: #ff6600;\">timo@muhutikand.ee<\/span><\/td><td><strong>Kelly Joa<\/strong><br>Restoring patterns,<br>crafts, painting<br><span style=\"color: #ff6600;\">kelly@muhutikand.ee<\/span><\/td><\/tr><tr><td colspan=\"3\">&nbsp;Technical support phone number +372 5280118 Toomas<\/td><\/tr><\/tbody><\/table><\/figure>\n\n\n\n<p><strong>Requisites:<\/strong><\/p>\n\n\n\n<p>O\u00dc Creativity Web<\/p>\n\n\n\n<p>Phone: +372 5280118<br>Reg. No. 11954607<br>VAT number: EE101698421<\/p>\n\n\n\n<p><strong>EE 392200221049891978<\/strong><\/p>\n\n\n\n<p><\/p>\n\n\n\n<p><\/p>\n\n\n\n<p><\/p>","protected":false},"excerpt":{"rendered":"<p>Kui soovid meiega \u00fchendust saada, siis k\u00f5ige parem on seda teha kirjutades meile e-posti aadressile muhutikand@muhutikand.ee Kui soovid k\u00fcsida personaalselt, siis tee oma valik siit: &nbsp; Inna LigiLoovus, meisterdamine,k\u00e4sit\u00f6\u00f6 ja tikkimineinna@muhutikand.ee Liina LigiLoomingulisus, ideed,k\u00e4sit\u00f6\u00f6 ja meisterdamineliina@muhutikand.ee Eilika LigiTehniline tugi,programmeerimineeilika@muhutikand.ee &nbsp; Toomas LigiDigitaliseerimine, disain,reklaam ja turundustoomas@muhutikand.ee Timo LigiFotograafia, ideed ja anal\u00fc\u00fcs,veebi testiminetimo@muhutikand.ee Kelly JoaMustrite taastamine,k\u00e4sit\u00f6\u00f6, maaliminekelly@muhutikand.ee [&hellip;]<\/p>\n","protected":false},"author":1036,"featured_media":0,"parent":0,"menu_order":0,"comment_status":"open","ping_status":"open","template":"simple-page-template.php","meta":{"_uag_custom_page_level_css":"","ngg_post_thumbnail":0,"footnotes":""},"class_list":["post-4786","page","type-page","status-publish","hentry"],"uagb_featured_image_src":{"full":false,"thumbnail":false,"medium":false,"medium_large":false,"large":false,"1536x1536":false,"2048x2048":false,"trp-custom-language-flag":false,"woocommerce_thumbnail":false,"woocommerce_single":false,"woocommerce_gallery_thumbnail":false},"uagb_author_info":{"display_name":"Rauno Lopp","author_link":"https:\/\/muhutikand.ee\/en\/author\/ekursusit\/"},"uagb_comment_info":3,"uagb_excerpt":"Kui soovid meiega \u00fchendust saada, siis k\u00f5ige parem on seda teha kirjutades meile e-posti aadressile muhutikand@muhutikand.ee Kui soovid k\u00fcsida personaalselt, siis tee oma valik siit: &nbsp; Inna LigiLoovus, meisterdamine,k\u00e4sit\u00f6\u00f6 ja tikkimineinna@muhutikand.ee Liina LigiLoomingulisus, ideed,k\u00e4sit\u00f6\u00f6 ja meisterdamineliina@muhutikand.ee Eilika LigiTehniline tugi,programmeerimineeilika@muhutikand.ee &nbsp; Toomas LigiDigitaliseerimine, disain,reklaam ja turundustoomas@muhutikand.ee Timo LigiFotograafia, ideed ja anal\u00fc\u00fcs,veebi testiminetimo@muhutikand.ee Kelly JoaMustrite taastamine,k\u00e4sit\u00f6\u00f6, maaliminekelly@muhutikand.ee&hellip;","_links":{"self":[{"href":"https:\/\/muhutikand.ee\/en\/wp-json\/wp\/v2\/pages\/4786","targetHints":{"allow":["GET"]}}],"collection":[{"href":"https:\/\/muhutikand.ee\/en\/wp-json\/wp\/v2\/pages"}],"about":[{"href":"https:\/\/muhutikand.ee\/en\/wp-json\/wp\/v2\/types\/page"}],"author":[{"embeddable":true,"href":"https:\/\/muhutikand.ee\/en\/wp-json\/wp\/v2\/users\/1036"}],"replies":[{"embeddable":true,"href":"https:\/\/muhutikand.ee\/en\/wp-json\/wp\/v2\/comments?post=4786"}],"version-history":[{"count":5,"href":"https:\/\/muhutikand.ee\/en\/wp-json\/wp\/v2\/pages\/4786\/revisions"}],"predecessor-version":[{"id":10410,"href":"https:\/\/muhutikand.ee\/en\/wp-json\/wp\/v2\/pages\/4786\/revisions\/10410"}],"wp:attachment":[{"href":"https:\/\/muhutikand.ee\/en\/wp-json\/wp\/v2\/media?parent=4786"}],"curies":[{"name":"wp","href":"https:\/\/api.w.org\/{rel}","templated":true}]}}