{"id":4806,"date":"2010-07-23T13:52:35","date_gmt":"2010-07-23T10:52:35","guid":{"rendered":"https:\/\/muhulisa.raunolahendused.ee\/?page_id=2345"},"modified":"2025-03-08T19:33:42","modified_gmt":"2025-03-08T19:33:42","slug":"boonus-peatukid","status":"publish","type":"page","link":"https:\/\/muhutikand.ee\/en\/boonus-peatukid\/","title":{"rendered":"Book bonuses"},"content":{"rendered":"<figure class=\"wp-block-image alignleft\"><img decoding=\"async\" src=\"https:\/\/muhutikand.ee\/wp-content\/uploads\/2010\/06\/Muhu_tikand_2010.jpg\" alt=\"muhu tikand, muhu tikandi kursus, \u00f5pi muhu tikandit, muhu kultuur, muhu p\u00e4rand\" class=\"wp-image-2322\" title=\"Muhu_embroidery_2010\"><\/figure>\n\n\n\n<p class=\"has-text-align-center\">Digital supplement and additional bonuses page for the book \u201cMuhu Embroidery\u201d.<\/p>\n\n\n\n<p class=\"has-text-align-center\">To use the materials, find the password hidden in the book.<\/p>\n\n\n\n<p class=\"has-text-align-center\"><span style=\"color: #ff0000;\"><strong>You can find the password in the book &quot;Muhu Embroidery&quot;.<\/strong><\/span><\/p>\n\n\n\n<p class=\"has-text-align-center\"><span style=\"color: #ff0000;\"><strong>Page 60, first word.<\/strong><\/span><\/p>\n\n\n\n<p class=\"has-text-align-center\"><span style=\"color: #ff0000;\">(password is an exact match)<\/span><span style=\"color: #ff0000;\">)<\/span><\/p>\n\n\n\n<p><\/p>\n\n\n\n<div class=\"wp-block-buttons is-content-justification-center is-layout-flex wp-container-core-buttons-is-layout-a89b3969 wp-block-buttons-is-layout-flex\">\n<div class=\"wp-block-button has-custom-width wp-block-button__width-50 has-custom-font-size primary-btn has-small-font-size\"><a class=\"wp-block-button__link has-text-align-center wp-element-button\" href=\"\/en\/boonus-peatukid\/raamatu-lisad\/\">Next<\/a><\/div>\n<\/div>\n\n\n\n<p class=\"has-text-align-center\">If you have any technical questions, write <a href=\"mailto:kasutajatugi@muhutikand.ee\">muhutikand@muhutikand.ee<\/a><\/p>\n\n\n\n<p class=\"has-text-align-center\">On this page you will find:<\/p>\n\n\n\n<ul class=\"wp-block-list\">\n<li>Different sizes of Muhu slippers to print (20 different sizes in total)<\/li>\n\n\n\n<li>An expanded selection of step-by-step tutorials (120 photos in total)<\/li>\n<\/ul>\n\n\n\n<p>&nbsp;<\/p>","protected":false},"excerpt":{"rendered":"<p>Raamatu &#8220;Muhu tikand&#8221; digitaalse t\u00e4ienduse ja lisaboonuste lehek\u00fclg. Materjalide kasutamiseks otsi raamatust \u00fcles sinna peidetud salas\u00f5na. Salas\u00f5na leiad raamatust &#8220;Muhu tikand&#8221; Lehek\u00fclg 60&nbsp;, esimene s\u00f5na. (parooliks on t\u00e4pne vaste) Kui on tehnilisi k\u00fcsimusi, kirjuta kasutajatugi@muhutikand.ee Sellelt lehek\u00fcljelt leiad: &nbsp;<\/p>","protected":false},"author":1036,"featured_media":0,"parent":0,"menu_order":0,"comment_status":"open","ping_status":"open","template":"simple-page-template.php","meta":{"_uag_custom_page_level_css":"","ngg_post_thumbnail":0,"footnotes":""},"class_list":["post-4806","page","type-page","status-publish","hentry"],"uagb_featured_image_src":{"full":false,"thumbnail":false,"medium":false,"medium_large":false,"large":false,"1536x1536":false,"2048x2048":false,"trp-custom-language-flag":false,"woocommerce_thumbnail":false,"woocommerce_single":false,"woocommerce_gallery_thumbnail":false},"uagb_author_info":{"display_name":"Rauno Lopp","author_link":"https:\/\/muhutikand.ee\/en\/author\/ekursusit\/"},"uagb_comment_info":10,"uagb_excerpt":"Raamatu &#8220;Muhu tikand&#8221; digitaalse t\u00e4ienduse ja lisaboonuste lehek\u00fclg. Materjalide kasutamiseks otsi raamatust \u00fcles sinna peidetud salas\u00f5na. Salas\u00f5na leiad raamatust &#8220;Muhu tikand&#8221; Lehek\u00fclg 60&nbsp;, esimene s\u00f5na. (parooliks on t\u00e4pne vaste) Kui on tehnilisi k\u00fcsimusi, kirjuta kasutajatugi@muhutikand.ee Sellelt lehek\u00fcljelt leiad: &nbsp;","_links":{"self":[{"href":"https:\/\/muhutikand.ee\/en\/wp-json\/wp\/v2\/pages\/4806","targetHints":{"allow":["GET"]}}],"collection":[{"href":"https:\/\/muhutikand.ee\/en\/wp-json\/wp\/v2\/pages"}],"about":[{"href":"https:\/\/muhutikand.ee\/en\/wp-json\/wp\/v2\/types\/page"}],"author":[{"embeddable":true,"href":"https:\/\/muhutikand.ee\/en\/wp-json\/wp\/v2\/users\/1036"}],"replies":[{"embeddable":true,"href":"https:\/\/muhutikand.ee\/en\/wp-json\/wp\/v2\/comments?post=4806"}],"version-history":[{"count":3,"href":"https:\/\/muhutikand.ee\/en\/wp-json\/wp\/v2\/pages\/4806\/revisions"}],"predecessor-version":[{"id":10305,"href":"https:\/\/muhutikand.ee\/en\/wp-json\/wp\/v2\/pages\/4806\/revisions\/10305"}],"wp:attachment":[{"href":"https:\/\/muhutikand.ee\/en\/wp-json\/wp\/v2\/media?parent=4806"}],"curies":[{"name":"wp","href":"https:\/\/api.w.org\/{rel}","templated":true}]}}