{"id":4825,"date":"2011-07-09T13:54:56","date_gmt":"2011-07-09T10:54:56","guid":{"rendered":"https:\/\/muhulisa.raunolahendused.ee"},"modified":"2025-02-28T14:12:36","modified_gmt":"2025-02-28T14:12:36","slug":"meeldib-2000","status":"publish","type":"page","link":"https:\/\/muhutikand.ee\/en\/meeldib-2000\/","title":{"rendered":"Like 2000"},"content":{"rendered":"<p style=\"text-align: justify;\">This page was created at the time when Muhu embroidery <a title=\"FB Muhu embroidery\" href=\"http:\/\/www.facebook.com\/muhutikand\" target=\"_blank\" rel=\"noopener\">In Facebook<\/a> 2000 diligent participants were reached. Thank you everyone!<\/p>\n<p style=\"text-align: justify;\">We&#039;ll celebrate this selection with patterns so you always have something to tinker with.<\/p>\n<p style=\"text-align: justify;\">This time we included larger and smaller patterns to make it accessible to beginners. It seemed like a good idea to share handwritten patterns that haven&#039;t been adjusted or edited.<\/p>\n<p style=\"text-align: justify;\">Thank you again and best regards from Muhu.<\/p>\n<p style=\"text-align: justify;\">\n<p style=\"text-align: justify;\">\n<p style=\"text-align: justify;\">\n<p style=\"text-align: justify;\">\n<p style=\"text-align: justify;\">\n<p style=\"text-align: justify;\">\n<p style=\"text-align: justify;\">\n<p style=\"text-align: justify;\">\n<p style=\"text-align: justify;\">\n<p><script src=\"http:\/\/connect.facebook.net\/en_US\/all.js#appId=189201961135550&amp;xfbml=1\"><\/script><\/p>\n<h2 style=\"text-align: center;\"><span style=\"color: #ff6600;\">A suitable pattern opens for printing by clicking on the image.<\/span><\/h2>\n<p><a title=\"pattern 1\" href=\"https:\/\/muhutikand.ee\/facebook\/meeldib_001.pdf\" target=\"_blank\"><img decoding=\"async\" class=\"alignnone size-full wp-image-3521\" title=\"like_001_170x240\" src=\"https:\/\/muhutikand.ee\/wp-content\/uploads\/2011\/07\/meeldib_001_170x240.jpg\" alt=\"muhu tikand, muhu tikandi kursus, \u00f5pi muhu tikandit, muhu kultuur, muhu p\u00e4rand\" width=\"170\" height=\"240\"><\/a><a title=\"pattern 2\" href=\"https:\/\/muhutikand.ee\/facebook\/meeldib_002.pdf\" target=\"_blank\"><img decoding=\"async\" class=\"alignnone size-full wp-image-3522\" title=\"like_002_170x240\" src=\"https:\/\/muhutikand.ee\/wp-content\/uploads\/2011\/07\/meeldib_002_170x240.jpg\" alt=\"muhu tikand, muhu tikandi kursus, \u00f5pi muhu tikandit, muhu kultuur, muhu p\u00e4rand\" width=\"170\" height=\"240\"><\/a><a title=\"pattern 3\" href=\"https:\/\/muhutikand.ee\/facebook\/meeldib_003.pdf\" target=\"_blank\"><img decoding=\"async\" class=\"alignnone size-full wp-image-3523\" title=\"like_003_170x240\" src=\"https:\/\/muhutikand.ee\/wp-content\/uploads\/2011\/07\/meeldib_003_170x240.jpg\" alt=\"muhu tikand, muhu tikandi kursus, \u00f5pi muhu tikandit, muhu kultuur, muhu p\u00e4rand\" width=\"170\" height=\"240\"><\/a><a title=\"pattern 4\" href=\"https:\/\/muhutikand.ee\/facebook\/meeldib_004.pdf\" target=\"_blank\"><img loading=\"lazy\" decoding=\"async\" class=\"alignnone size-full wp-image-3525\" title=\"like_004_170x240\" src=\"https:\/\/muhutikand.ee\/wp-content\/uploads\/2011\/07\/meeldib_004_170x240.jpg\" alt=\"muhu tikand, muhu tikandi kursus, \u00f5pi muhu tikandit, muhu kultuur, muhu p\u00e4rand\" width=\"170\" height=\"240\"><\/a><a title=\"pattern 5\" href=\"https:\/\/muhutikand.ee\/facebook\/meeldib_005.pdf\" target=\"_blank\"><img loading=\"lazy\" decoding=\"async\" class=\"alignnone size-full wp-image-3526\" title=\"like_005_170x240\" src=\"https:\/\/muhutikand.ee\/wp-content\/uploads\/2011\/07\/meeldib_005_170x240.jpg\" alt=\"muhu tikand, muhu tikandi kursus, \u00f5pi muhu tikandit, muhu kultuur, muhu p\u00e4rand\" width=\"170\" height=\"240\"><\/a><a title=\"pattern 6\" href=\"https:\/\/muhutikand.ee\/facebook\/meeldib_006.pdf\" target=\"_blank\"><img loading=\"lazy\" decoding=\"async\" class=\"alignnone size-full wp-image-3527\" title=\"like_006_170x240\" src=\"https:\/\/muhutikand.ee\/wp-content\/uploads\/2011\/07\/meeldib_006_170x240.jpg\" alt=\"muhu tikand, muhu tikandi kursus, \u00f5pi muhu tikandit, muhu kultuur, muhu p\u00e4rand\" width=\"170\" height=\"240\"><\/a><a title=\"pattern 7\" href=\"https:\/\/muhutikand.ee\/facebook\/meeldib_007.pdf\" target=\"_blank\"><img loading=\"lazy\" decoding=\"async\" class=\"alignnone size-full wp-image-3528\" title=\"like_007_170x240\" src=\"https:\/\/muhutikand.ee\/wp-content\/uploads\/2011\/07\/meeldib_007_170x240.jpg\" alt=\"muhu tikand, muhu tikandi kursus, \u00f5pi muhu tikandit, muhu kultuur, muhu p\u00e4rand\" width=\"170\" height=\"240\"><\/a><a title=\"pattern 8\" href=\"https:\/\/muhutikand.ee\/facebook\/meeldib_008.pdf\" target=\"_blank\"><img loading=\"lazy\" decoding=\"async\" class=\"alignnone size-full wp-image-3529\" title=\"like_008_170x240\" src=\"https:\/\/muhutikand.ee\/wp-content\/uploads\/2011\/07\/meeldib_008_170x240.jpg\" alt=\"muhu tikand, muhu tikandi kursus, \u00f5pi muhu tikandit, muhu kultuur, muhu p\u00e4rand\" width=\"170\" height=\"240\"><\/a><a title=\"pattern 9\" href=\"https:\/\/muhutikand.ee\/facebook\/meeldib_009.pdf\" target=\"_blank\"><img loading=\"lazy\" decoding=\"async\" class=\"alignnone size-full wp-image-3530\" title=\"like_009_170x240\" src=\"https:\/\/muhutikand.ee\/wp-content\/uploads\/2011\/07\/meeldib_009_170x240.jpg\" alt=\"muhu tikand, muhu tikandi kursus, \u00f5pi muhu tikandit, muhu kultuur, muhu p\u00e4rand\" width=\"170\" height=\"240\"><\/a><a title=\"pattern 10\" href=\"https:\/\/muhutikand.ee\/facebook\/meeldib_010.pdf\" target=\"_blank\"><img loading=\"lazy\" decoding=\"async\" class=\"alignnone size-full wp-image-3531\" title=\"like_010_170x240\" src=\"https:\/\/muhutikand.ee\/wp-content\/uploads\/2011\/07\/meeldib_010_170x240.jpg\" alt=\"muhu tikand, muhu tikandi kursus, \u00f5pi muhu tikandit, muhu kultuur, muhu p\u00e4rand\" width=\"170\" height=\"240\"><\/a><a title=\"pattern 11\" href=\"https:\/\/muhutikand.ee\/facebook\/meeldib_011.pdf\" target=\"_blank\"><img loading=\"lazy\" decoding=\"async\" class=\"alignnone size-full wp-image-3532\" title=\"like_011_170x240\" src=\"https:\/\/muhutikand.ee\/wp-content\/uploads\/2011\/07\/meeldib_011_170x240.jpg\" alt=\"muhu tikand, muhu tikandi kursus, \u00f5pi muhu tikandit, muhu kultuur, muhu p\u00e4rand\" width=\"170\" height=\"240\"><\/a><a title=\"pattern 12\" href=\"https:\/\/muhutikand.ee\/facebook\/meeldib_012.pdf\" target=\"_blank\"><img loading=\"lazy\" decoding=\"async\" class=\"alignnone size-full wp-image-3533\" title=\"like_012_169x240\" src=\"https:\/\/muhutikand.ee\/wp-content\/uploads\/2011\/07\/meeldib_012_169x240.jpg\" alt=\"muhu tikand, muhu tikandi kursus, \u00f5pi muhu tikandit, muhu kultuur, muhu p\u00e4rand\" width=\"169\" height=\"240\"><\/a><br \/>\n <script src=\"http:\/\/connect.facebook.net\/en_US\/all.js#xfbml=1\"><\/script><\/p>","protected":false},"excerpt":{"rendered":"<p>See lehek\u00fclg on loodud hetkel, kui Muhu tikandi N\u00e4oraamatus t\u00e4itus 2000 usinat huvilist. Ait\u00e4h k\u00f5igile! T\u00e4histame seda valiku mustritega, et sul oleks ikka midagi nokitseda. Seekord panime valikusse suuremaid ja v\u00e4iksemaid, et oleks j\u00f5ukohane ka alustajale. Tundus hea m\u00f5te jagada k\u00e4sikirjalisi mustreid, mida ei ole kohendatud ega t\u00f6\u00f6deldud. T\u00e4name veelkord ja parimad tervitused Muhust. Sobiv [&hellip;]<\/p>\n","protected":false},"author":1036,"featured_media":0,"parent":0,"menu_order":0,"comment_status":"open","ping_status":"closed","template":"simple-page-template.php","meta":{"_uag_custom_page_level_css":"","ngg_post_thumbnail":0,"footnotes":""},"class_list":["post-4825","page","type-page","status-publish","hentry"],"uagb_featured_image_src":{"full":false,"thumbnail":false,"medium":false,"medium_large":false,"large":false,"1536x1536":false,"2048x2048":false,"trp-custom-language-flag":false,"woocommerce_thumbnail":false,"woocommerce_single":false,"woocommerce_gallery_thumbnail":false},"uagb_author_info":{"display_name":"Rauno Lopp","author_link":"https:\/\/muhutikand.ee\/en\/author\/ekursusit\/"},"uagb_comment_info":0,"uagb_excerpt":"See lehek\u00fclg on loodud hetkel, kui Muhu tikandi N\u00e4oraamatus t\u00e4itus 2000 usinat huvilist. Ait\u00e4h k\u00f5igile! T\u00e4histame seda valiku mustritega, et sul oleks ikka midagi nokitseda. Seekord panime valikusse suuremaid ja v\u00e4iksemaid, et oleks j\u00f5ukohane ka alustajale. Tundus hea m\u00f5te jagada k\u00e4sikirjalisi mustreid, mida ei ole kohendatud ega t\u00f6\u00f6deldud. T\u00e4name veelkord ja parimad tervitused Muhust. Sobiv&hellip;","_links":{"self":[{"href":"https:\/\/muhutikand.ee\/en\/wp-json\/wp\/v2\/pages\/4825","targetHints":{"allow":["GET"]}}],"collection":[{"href":"https:\/\/muhutikand.ee\/en\/wp-json\/wp\/v2\/pages"}],"about":[{"href":"https:\/\/muhutikand.ee\/en\/wp-json\/wp\/v2\/types\/page"}],"author":[{"embeddable":true,"href":"https:\/\/muhutikand.ee\/en\/wp-json\/wp\/v2\/users\/1036"}],"replies":[{"embeddable":true,"href":"https:\/\/muhutikand.ee\/en\/wp-json\/wp\/v2\/comments?post=4825"}],"version-history":[{"count":0,"href":"https:\/\/muhutikand.ee\/en\/wp-json\/wp\/v2\/pages\/4825\/revisions"}],"wp:attachment":[{"href":"https:\/\/muhutikand.ee\/en\/wp-json\/wp\/v2\/media?parent=4825"}],"curies":[{"name":"wp","href":"https:\/\/api.w.org\/{rel}","templated":true}]}}