{"id":4829,"date":"2012-04-09T23:32:28","date_gmt":"2012-04-09T20:32:28","guid":{"rendered":"https:\/\/muhulisa.raunolahendused.ee\/?page_id=4020"},"modified":"2025-02-28T14:05:11","modified_gmt":"2025-02-28T14:05:11","slug":"kaevutalgud","status":"publish","type":"page","link":"https:\/\/muhutikand.ee\/en\/kaevutalgud\/","title":{"rendered":"Well labor"},"content":{"rendered":"<h2 style=\"text-align: center;\"><span style=\"color: #ff6600;\"><strong>THE STORY OF THE FORMATION OF EVERY VILLAGE<\/strong><\/span><\/h2>\n<p style=\"text-align: center;\"><a href=\"https:\/\/muhutikand.ee\/wp-content\/uploads\/2012\/04\/Igakyla_kujunemislugu.png\"><img fetchpriority=\"high\" decoding=\"async\" class=\"aligncenter size-full wp-image-4029\" title=\"The story of the formation of every village\" src=\"https:\/\/muhutikand.ee\/wp-content\/uploads\/2012\/04\/Igakyla_kujunemislugu.png\" alt=\"muhu tikand, muhu tikandi kursus, \u00f5pi muhu tikandit, muhu kultuur, muhu p\u00e4rand\" width=\"666\" height=\"329\"><\/a><\/p>\n<p style=\"text-align: left;\">The permanent settlement of Igak\u00fcla certainly dates back to ancient times, although there are no written sources about it. By the end of the Order period, a separate wacke area had developed here, which was recorded in the land registers of 1569\/71 as the last (13th) wacke area under the name Yckkenkulla wacke (the penultimate was Rootsivere or Rotzeuer wacke, at the end of which the land-free Koguva Asmus is also noted in 1571). In addition to 12 farms, there is a single-foothold in Igak\u00fcla at that time, which Leo Tiik has read from the document once as Nemi Mart and the other as Reni Mart, but this should probably be considered the first written mention of Igak\u00fcla Runni!<\/p>\n<p style=\"text-align: left;\">It is worth noting that in the middle of the Danish period, in 1592, the \u201cIsland of Saint James\u201d \u2013 Igak\u00fcla, Koguva, Rootsivere and also the \u201copposite bank of the Laevasoon\u201d Nautse formed the only Rootsivere (Randeuer) vaku region, where a total of only 16 registered farms with 17 ploughlands were bearing the burden! This shows the great devastation that first Ivan the Terrible\u2019s Tatars and then the Swedish, Danish and Polish military servants had carried out in Muhu over the course of half a century. Peace came for Muhu only with the Peace of Kalmar in 1613, and with that began a century-long \u201ctime of breathing\u201d, only to then again survive famine, the Northern War and the plague.<\/p>\n<p style=\"text-align: left;\">In the first Swedish land register of 1645, Igak\u00fcla was included in the Paenas vaku district and, with its 14 ploughlands and 15 registered farms, was the largest village in this vaku district and also in the whole of Muhu. It should be added here that dense hamlets (as on the Igak\u00fcla map of 1698) probably only developed in the first half of the Danish period and earlier (during the times of small-scale farming) the whole of Muhu was probably rather sparsely populated.<\/p>\n<p style=\"text-align: left;\">During the Danish period, the first state manor was established in Muhu and, according to the general opinion, serfdom (tenancy) relations had developed by then, but this probably does not mean that there was any activity with oxen in Lahek\u00fcla across Muhu! The land tax and tax system from the Order period must have continued to function. During the Swedish period, three more official manors (Tamse, V\u00f5lla and Nurme) were established in addition to Suurem\u00f5is, but they all remained so far from Igak\u00fcla that the Igak\u00fcla vaku district is still mentioned in censuses of the late 18th century.<\/p>\n<p style=\"text-align: left;\">In 1674, when the parish of Muhu was transferred to Otto Wilhelm von K\u00f6nigsmarck with the so-called De la Gardie missive, Igak\u00fcla (Dorff Iggone) with 12 ploughlands and 21 householders was the second village of the Rootsivere vacuse. At that time, in the village of Rootsivere, there were 15 householders and 8 \u00be ploughlands, and the villages of Koguva and Nautse also belonged to the same vacuse. The magical 21 remains the largest number of farms in Igak\u00fcla. Although the specification volume of the so-called regulation map compiled around 1800 lists 22 of them, at that time or a little later five farms remained freehold and Igak\u00fcla reached the 19th century with 17 registered farms. In the third quarter of the 19th century, another farm, Runni (Runni Pendi in the censuses), disappeared and by the 20th century, only 16 traditional farms remained.<\/p>\n<p style=\"text-align: left;\">At the end of the Swedish period, when Nurme Manor was founded, four Igak\u00fcla farms (Ansu-Jaani, Ansu-Matsi, Ennu-Laasu and Ennu) were included in Nurme Manor (the latter also belonged to Rinsi Manor for a while in the 18th century), but with the so-called manor boundary adjustments at the turn of the 18th and 19th centuries, Igak\u00fcla remained purely a village of Suurem\u00f5isa.<\/p>\n<p style=\"text-align: left;\">In the post-plague inquisition protocol of 1713, 13 male and 10 female souls (one of them old) and six children (3 boys and 3 girls) were recorded in the seven farms of Igak\u00fcla that were considered capable of active labor. Considering the size of the village, it can be stated that the losses are more or less at the average level of Muhu \u2013 i.e. approximately one out of every four people had survived the hard times. It took at least two generations for the village to recover.<\/p>\n<p style=\"text-align: left;\">In the 1778 Suurem\u00f5isa land register, there were already 20 farms in Igak\u00fcla and the only remaining farmstead was the \u00bd-plough Runni Michel Swedish farm, which according to the map of the time must have been located somewhere north of Veski and Uietoa. The 21st farm at that time was the Ennu Juri farm, which was resettled in Igak\u00fcla by the Rinsi manor. Over the next 30 years, however, important changes were still ahead in Igak\u00fcla, although not as drastic as with the villages of Kuivastu, Hellamaa and V\u00f5lla manor, where people were resettled from one village to another by family. Here, four farms (Ennu-Laasu, Ennu-Matsi, Laasu and Peetri Jaani) simply remained freehold. The fifth farm remained as a freehold, Runni-Mardi, which branched off from Runni during these \u201cregulations\u201d, and in the second half of the 19th century, Runni-Aadu farm, which survived the plague, also disappeared.<\/p>\n<p style=\"text-align: left;\">L\u00e4hemalt saab Igak\u00fcla talude k\u00e4ek\u00e4iguga l\u00e4bi kolme sajandi ja samas ka Igak\u00fcla inimestega tutvuda veebilehel http:\/\/ylo.rehepapp.com\/Muhu\/K%fclad\/Igak%fcla\/Igak%fcla.html<\/p>\n<h2 style=\"text-align: center;\"><span style=\"color: #ff6600;\"><strong>MUHU GREAT DRAIN<\/strong><\/span><\/h2>\nngg_shortcode_0_placeholder\n<p>Igak\u00fcla has been one of the largest villages in Muhu since the time of the Order (to the extent that it makes sense to talk about villages at that time) and the settlement here certainly dates back to ancient times. The map of 1799 (EAA.2072.3.366) shows a well with a water pump in the middle of Igak\u00fcla village.<\/p>\n<p>The wells carved from dolomite (called &quot;sachets&quot; in the local language) still survive today, a copy of which is in the National Open Air Museum. Sometime after the last war, the well (like many old sachet wells) was filled to the ground with stones - the reason is said to be the boys&#039; &quot;naughty attitude while testing explosives&quot;.<\/p>\n<p>The age of the well is difficult to determine. There is a tradition in the village that it was once built by Swedish soldiers, but since the village was already a large hamlet in its current location before the Northern War, the question arises as to why the Swedes would have needed to build a well here at that time? Rather, they may have had a need for such a structure much earlier, when the Danes and Swedes \u201cdivided\u201d the former Livonian Order lands (Muhu was already in Swedish possession in 1568\u20131575 and only became a de facto part of the Swedish state with the Treaty of Br\u00f6msebro in 1645).<\/p>\n<p>Judging by the size of the last known parts of the wooden well (Kao kook, Kaoroog, Kao airk in Muhu) in the 1913 photo (J. P\u00e4\u00e4suke), the well must have been deeper than most of the Muhu wells (5-6 meters) and would be worth cleaning and perhaps even restoring just to determine its depth and the &quot;aliveness&quot; of the former karst veins.<strong> Because it was the deepest &quot;loss&quot; in Muhu County, which was already visible from afar across the village.<\/strong><\/p>\n<p>However, in Igak\u00fcla, several families still have 9m deep wells in their entire depth, which are mostly carved into limestone but have now become empty of water. Vassili Auv\u00e4\u00e4rt mentions in his notes that this is the deepest well in Muhumaa and its depth is 52 feet, which means ~16 meters.<\/p>","protected":false},"excerpt":{"rendered":"<p>IGAK\u00dcLA KUJUNEMISLUGU Igak\u00fcla p\u00fcsiasustus ulatub kindlasti muinasaega, kuigi kirjalikud allikad selle kohta puuduvad. Orduaja l\u00f5puks on siin omaette vakupiirkond v\u00e4lja kujunenud, mis 1569\/71 aastate maaraamatuis Yckkenkulla wacke nimega viimase (13-nda) vakupiirkonnana on kirja pandud (eelviimane oli Rootsivere ehk Rotzeuer vakus, mille l\u00f5ppu 1571.a ka maavaba Koguva Asmus on m\u00e4rgitud. Peale 12 talu on selleaegses Igak\u00fclas [&hellip;]<\/p>\n","protected":false},"author":1036,"featured_media":0,"parent":0,"menu_order":0,"comment_status":"open","ping_status":"closed","template":"simple-page-template.php","meta":{"_uag_custom_page_level_css":"","ngg_post_thumbnail":0,"footnotes":""},"class_list":["post-4829","page","type-page","status-publish","hentry"],"uagb_featured_image_src":{"full":false,"thumbnail":false,"medium":false,"medium_large":false,"large":false,"1536x1536":false,"2048x2048":false,"trp-custom-language-flag":false,"woocommerce_thumbnail":false,"woocommerce_single":false,"woocommerce_gallery_thumbnail":false},"uagb_author_info":{"display_name":"Rauno Lopp","author_link":"https:\/\/muhutikand.ee\/en\/author\/ekursusit\/"},"uagb_comment_info":0,"uagb_excerpt":"IGAK\u00dcLA KUJUNEMISLUGU Igak\u00fcla p\u00fcsiasustus ulatub kindlasti muinasaega, kuigi kirjalikud allikad selle kohta puuduvad. Orduaja l\u00f5puks on siin omaette vakupiirkond v\u00e4lja kujunenud, mis 1569\/71 aastate maaraamatuis Yckkenkulla wacke nimega viimase (13-nda) vakupiirkonnana on kirja pandud (eelviimane oli Rootsivere ehk Rotzeuer vakus, mille l\u00f5ppu 1571.a ka maavaba Koguva Asmus on m\u00e4rgitud. Peale 12 talu on selleaegses Igak\u00fclas&hellip;","_links":{"self":[{"href":"https:\/\/muhutikand.ee\/en\/wp-json\/wp\/v2\/pages\/4829","targetHints":{"allow":["GET"]}}],"collection":[{"href":"https:\/\/muhutikand.ee\/en\/wp-json\/wp\/v2\/pages"}],"about":[{"href":"https:\/\/muhutikand.ee\/en\/wp-json\/wp\/v2\/types\/page"}],"author":[{"embeddable":true,"href":"https:\/\/muhutikand.ee\/en\/wp-json\/wp\/v2\/users\/1036"}],"replies":[{"embeddable":true,"href":"https:\/\/muhutikand.ee\/en\/wp-json\/wp\/v2\/comments?post=4829"}],"version-history":[{"count":0,"href":"https:\/\/muhutikand.ee\/en\/wp-json\/wp\/v2\/pages\/4829\/revisions"}],"wp:attachment":[{"href":"https:\/\/muhutikand.ee\/en\/wp-json\/wp\/v2\/media?parent=4829"}],"curies":[{"name":"wp","href":"https:\/\/api.w.org\/{rel}","templated":true}]}}