{"id":4833,"date":"2013-09-17T16:41:18","date_gmt":"2013-09-17T13:41:18","guid":{"rendered":"https:\/\/muhulisa.raunolahendused.ee\/?page_id=4159"},"modified":"2025-02-28T14:55:02","modified_gmt":"2025-02-28T14:55:02","slug":"suur-tikandiraamat-2013-muhu-mustritest-varjutikandini-leida-kirst","status":"publish","type":"page","link":"https:\/\/muhutikand.ee\/en\/suur-tikandiraamat-2013-muhu-mustritest-varjutikandini-leida-kirst\/","title":{"rendered":"Big Embroidery Book 2013 \u2013 From Muhu Patterns to Shadow Embroidery \u2013 Leida Kirst"},"content":{"rendered":"<h2 style=\"text-align: center;\"><span style=\"color: #ff6600;\">SUUR TIKANDIRAAMAT<br \/>\n<\/span><\/h2>\n<h3 style=\"text-align: center;\"><span style=\"color: #888888;\">Muhu mustritest varjutikandini.<\/span><\/h3>\n<h4 style=\"text-align: center;\"><span style=\"color: #000000;\">Leida Kirst<\/span><\/h4>\n<p>Meil on v\u00e4ga hea meel teatada, et uus raamat on huvilistele kohe kohe k\u00e4ega katsuda. See info, mida Sa sellelt lehek\u00fcljelt loed ei ole veel k\u00f5igile avalik. Selle n\u00e4gemine on Sinu eelis ja edumaa.<\/p>\n<p>Kui Sul \u00f5nnestus siia lehek\u00fcljele sattuda, siis loe k\u00f5ik boonused ja soodustused hoolikalt l\u00e4bi.<\/p>\n<p>PS. Kuna raamatuid tr\u00fckitakse esialgu ainult 2000 eksemplari, siis saadame selle eelinfo ja v\u00f5imaluse meie k\u00f5ige parematele s\u00f5pradele. Raamat j\u00f5uab poodi oktoobri alguses.<\/p>\n<p>&nbsp;<\/p>\n<p><img decoding=\"async\" class=\"alignleft size-thumbnail wp-image-4163\" title=\"Suur tikandiraamat Muhu mustritest varjutikandini Leida Kirst\" src=\"https:\/\/muhutikand.ee\/wp-content\/uploads\/2013\/09\/muhu-kaas-103x150.jpg\" alt=\"Muhu\" width=\"103\" height=\"150\" \/><span style=\"color: #ff0000;\"><strong>ETTETELLIMINE KUNI 25. septembrini hinnaga 22,50<\/strong><\/span><br \/>\n<strong> Hind poes 25,80<\/strong><br \/>\n<strong> Hinnas sisaldub k\u00e4ttetoimetamise tasu.<\/strong><\/p>\n<p><strong>NB! Tellimus j\u00f5ustub peale makse laekumist!<\/strong><\/p>\n<p><strong>Raamat ilmub oktoobri alguses.<\/strong><\/p>\n<p>Tuntud tikkija ja Muhu mustrite looja Leida Kirstu \u201eSuur tikandiraamat\u201c viib lugeja r\u00e4nnakule l\u00e4bi suvise Muhu saare ja meistri elut\u00f6\u00f6. Raamatust leiab hulga meistri seni avaldamata tikandeid ja <strong>\u00fcle 150<\/strong> selle raamatu jaoks joonistatud mustri.<\/p>\n<p>Lisaks autori t\u00f6\u00f6dele saab inspiratsiooni ammutada tema \u00f5pilaste v\u00e4rvikirevatelt tikanditelt, mis on tehtud Leida mustrite j\u00e4rgi.<br \/>\nMeister on toonud sahtlitest ja kohvritest v\u00e4lja elu jooksul tikitud <strong>valge-, varju-, rokokoo- ja muudes \u00fchev\u00e4rvilistes tikandites esemed<\/strong>. Fotosid t\u00e4iendavad mustrite paigutamise juhised ning joonistega varustatud tikkimispistete \u00f5petused.<\/p>\n<p>Mustrite osa algab uute Muhu mustritega ja j\u00e4tkub \u00f5nnetoovate kaheksa \u00f5ielehega lilledega, mida v\u00f5ib tikkida pidulikele esemetele. Selle raamatu mustrid sobivad kleitide, pluuside, rahvar\u00f5ivaseelikute all\u00e4\u00e4rte, arvuti- ja mobiilikottide, prosside, susside v\u00f5i muude esemete kaunistamiseks.<\/p>\n<h2><span style=\"color: #ff6600;\">Sinu boonused ettetellimisel:<\/span><\/h2>\n<ul>\n<li>\n<h4><strong>Soodsam hind <del>25,80 \u20ac<\/del> <span style=\"color: #000000;\">22,50\u20ac<\/span><\/strong><\/h4>\n<\/li>\n<li>\n<h4><strong>Saadame raamatu Sulle TASUTA koju<\/strong><\/h4>\n<\/li>\n<li>\n<h4><strong>Raamatu tellijale <a href=\"http:\/\/ekursus.muhutikand.ee\/\" target=\"_blank\">E-kursuse liikmelisus<\/a> <span style=\"color: #ff0000;\">-50%<\/span> soodustusega (kehtib kuni 31.12.2013)<\/strong><\/h4>\n<\/li>\n<li>\n<h4><strong>Loosime v\u00e4lja 25 eksklusiivset kruusi, mis on inspireeritud uue raamatu kujundusest.<\/strong><\/h4>\n<\/li>\n<li>\n<h4><strong>Eksklusiivne v\u00f5imalus saada raamat enne teisi<\/strong><\/h4>\n<\/li>\n<\/ul>\n<h2 style=\"text-align: center;\">**************<\/h2>\n<h2 style=\"text-align: center;\"><\/h2>\n<h2 style=\"text-align: center;\"><span style=\"color: #ff0000;\"><strong>EELTELLIMINE L\u00d5PEB<\/strong><\/span><\/h2>\n<p style=\"text-align: center;\"><code>[wpc_countdown targetdate=\"2013-09-24-23-59-59\"]<\/code><\/p>\n<h3 style=\"text-align: center;\">\u00a0<strong>Tellimuse kinnitamiseks<\/strong><\/h3>\n<h2 style=\"text-align: center;\"><strong><a href=\"http:\/\/pegasus.ee\/raamat\/suur-tikandiraamat\" target=\"_blank\" rel=\"noopener\"><img decoding=\"async\" class=\"aligncenter size-full wp-image-4182\" title=\"vaata siia\" src=\"https:\/\/muhutikand.ee\/wp-content\/uploads\/2013\/09\/vaata-siia.jpg\" alt=\"muhu tikand, muhu tikandi kursus, \u00f5pi muhu tikandit, muhu kultuur, muhu p\u00e4rand\" width=\"462\" height=\"93\"><\/a><br \/>\n<\/strong><\/h2>\n<p>&nbsp;<\/p>\n<p>&nbsp;<\/p>\n","protected":false},"excerpt":{"rendered":"<p>SUUR TIKANDIRAAMAT Muhu mustritest varjutikandini. Leida Kirst Meil on v\u00e4ga hea meel teatada, et uus raamat on huvilistele kohe kohe k\u00e4ega katsuda. See info, mida Sa sellelt lehek\u00fcljelt loed ei ole veel k\u00f5igile avalik. Selle n\u00e4gemine on Sinu eelis ja edumaa. Kui Sul \u00f5nnestus siia lehek\u00fcljele sattuda, siis loe k\u00f5ik boonused ja soodustused hoolikalt l\u00e4bi. [&hellip;]<\/p>\n","protected":false},"author":1036,"featured_media":0,"parent":0,"menu_order":0,"comment_status":"open","ping_status":"closed","template":"simple-page-template.php","meta":{"_uag_custom_page_level_css":"","ngg_post_thumbnail":0,"footnotes":""},"class_list":["post-4833","page","type-page","status-publish","hentry"],"uagb_featured_image_src":{"full":false,"thumbnail":false,"medium":false,"medium_large":false,"large":false,"1536x1536":false,"2048x2048":false,"trp-custom-language-flag":false,"woocommerce_thumbnail":false,"woocommerce_single":false,"woocommerce_gallery_thumbnail":false},"uagb_author_info":{"display_name":"Rauno Lopp","author_link":"https:\/\/muhutikand.ee\/en\/author\/ekursusit\/"},"uagb_comment_info":2,"uagb_excerpt":"SUUR TIKANDIRAAMAT Muhu mustritest varjutikandini. Leida Kirst Meil on v\u00e4ga hea meel teatada, et uus raamat on huvilistele kohe kohe k\u00e4ega katsuda. See info, mida Sa sellelt lehek\u00fcljelt loed ei ole veel k\u00f5igile avalik. Selle n\u00e4gemine on Sinu eelis ja edumaa. Kui Sul \u00f5nnestus siia lehek\u00fcljele sattuda, siis loe k\u00f5ik boonused ja soodustused hoolikalt l\u00e4bi.&hellip;","_links":{"self":[{"href":"https:\/\/muhutikand.ee\/en\/wp-json\/wp\/v2\/pages\/4833","targetHints":{"allow":["GET"]}}],"collection":[{"href":"https:\/\/muhutikand.ee\/en\/wp-json\/wp\/v2\/pages"}],"about":[{"href":"https:\/\/muhutikand.ee\/en\/wp-json\/wp\/v2\/types\/page"}],"author":[{"embeddable":true,"href":"https:\/\/muhutikand.ee\/en\/wp-json\/wp\/v2\/users\/1036"}],"replies":[{"embeddable":true,"href":"https:\/\/muhutikand.ee\/en\/wp-json\/wp\/v2\/comments?post=4833"}],"version-history":[{"count":0,"href":"https:\/\/muhutikand.ee\/en\/wp-json\/wp\/v2\/pages\/4833\/revisions"}],"wp:attachment":[{"href":"https:\/\/muhutikand.ee\/en\/wp-json\/wp\/v2\/media?parent=4833"}],"curies":[{"name":"wp","href":"https:\/\/api.w.org\/{rel}","templated":true}]}}